{"id":54121,"date":"2022-01-17T10:39:16","date_gmt":"2022-01-17T09:39:16","guid":{"rendered":"https:\/\/swimrun-cote-sud-landes.fr\/edition-2021-medias\/"},"modified":"2022-02-09T10:37:11","modified_gmt":"2022-02-09T09:37:11","slug":"edition-2021-medias","status":"publish","type":"page","link":"https:\/\/swimrun-cote-sud-landes.fr\/en\/edition-2021-medias\/","title":{"rendered":"Edition 2021 &#8211; Medias"},"content":{"rendered":"\t\t<div data-elementor-type=\"wp-page\" data-elementor-id=\"54121\" class=\"elementor elementor-54121 elementor-51887\" data-elementor-post-type=\"page\">\n\t\t\t\t\t\t\t\t\t<section class=\"elementor-section elementor-top-section elementor-element elementor-element-28d47fd elementor-section-full_width elementor-section-height-min-height elementor-section-stretched elementor-section-height-default elementor-section-items-middle\" data-id=\"28d47fd\" data-element_type=\"section\" data-settings=\"{&quot;background_background&quot;:&quot;classic&quot;,&quot;stretch_section&quot;:&quot;section-stretched&quot;}\">\n\t\t\t\t\t\t\t<div class=\"elementor-background-overlay\"><\/div>\n\t\t\t\t\t\t\t<div class=\"elementor-container elementor-column-gap-default\">\n\t\t\t\t\t<div class=\"elementor-column elementor-col-100 elementor-top-column elementor-element elementor-element-ee8cdbf\" data-id=\"ee8cdbf\" data-element_type=\"column\">\n\t\t\t<div class=\"elementor-widget-wrap elementor-element-populated\">\n\t\t\t\t\t\t\t\t<div class=\"elementor-element elementor-element-da0f197 elementor-widget elementor-widget-spacer\" data-id=\"da0f197\" data-element_type=\"widget\" data-widget_type=\"spacer.default\">\n\t\t\t\t<div class=\"elementor-widget-container\">\n\t\t\t\t\t<div class=\"elementor-spacer\">\n\t\t\t<div class=\"elementor-spacer-inner\"><\/div>\n\t\t<\/div>\n\t\t\t\t<\/div>\n\t\t\t\t<\/div>\n\t\t\t\t<div class=\"elementor-element elementor-element-8469780 elementor-widget elementor-widget-heading\" data-id=\"8469780\" data-element_type=\"widget\" data-widget_type=\"heading.default\">\n\t\t\t\t<div class=\"elementor-widget-container\">\n\t\t\t<h2 class=\"elementor-heading-title elementor-size-default\">2021 edition of SWIMRUN C\u00f4te SUD LANDES<\/h2>\t\t<\/div>\n\t\t\t\t<\/div>\n\t\t\t\t<div class=\"elementor-element elementor-element-f68dbef elementor-widget elementor-widget-spacer\" data-id=\"f68dbef\" data-element_type=\"widget\" data-widget_type=\"spacer.default\">\n\t\t\t\t<div class=\"elementor-widget-container\">\n\t\t\t\t\t<div class=\"elementor-spacer\">\n\t\t\t<div class=\"elementor-spacer-inner\"><\/div>\n\t\t<\/div>\n\t\t\t\t<\/div>\n\t\t\t\t<\/div>\n\t\t\t\t<section class=\"elementor-section elementor-inner-section elementor-element elementor-element-5917ddd elementor-section-boxed elementor-section-height-default elementor-section-height-default\" data-id=\"5917ddd\" data-element_type=\"section\">\n\t\t\t\t\t\t<div class=\"elementor-container elementor-column-gap-default\">\n\t\t\t\t\t<div class=\"elementor-column elementor-col-100 elementor-inner-column elementor-element elementor-element-163cbce\" data-id=\"163cbce\" data-element_type=\"column\">\n\t\t\t<div class=\"elementor-widget-wrap elementor-element-populated\">\n\t\t\t\t\t\t\t\t<div class=\"elementor-element elementor-element-4d04936 elementor-widget elementor-widget-heading\" data-id=\"4d04936\" data-element_type=\"widget\" data-widget_type=\"heading.default\">\n\t\t\t\t<div class=\"elementor-widget-container\">\n\t\t\t<h4 class=\"elementor-heading-title elementor-size-default\">All photos are downloadable !!<\/h4>\t\t<\/div>\n\t\t\t\t<\/div>\n\t\t\t\t\t<\/div>\n\t\t<\/div>\n\t\t\t\t\t\t\t<\/div>\n\t\t<\/section>\n\t\t\t\t\t<\/div>\n\t\t<\/div>\n\t\t\t\t\t\t\t<\/div>\n\t\t<\/section>\n\t\t\t\t<section class=\"elementor-section elementor-top-section elementor-element elementor-element-7ba39b6 elementor-section-boxed elementor-section-height-default elementor-section-height-default\" data-id=\"7ba39b6\" data-element_type=\"section\">\n\t\t\t\t\t\t<div class=\"elementor-container elementor-column-gap-default\">\n\t\t\t\t\t<div class=\"elementor-column elementor-col-100 elementor-top-column elementor-element elementor-element-b62f02d\" data-id=\"b62f02d\" data-element_type=\"column\">\n\t\t\t<div class=\"elementor-widget-wrap elementor-element-populated\">\n\t\t\t\t\t\t\t\t<div class=\"elementor-element elementor-element-f23dc85 elementor-widget elementor-widget-shortcode\" data-id=\"f23dc85\" data-element_type=\"widget\" data-widget_type=\"shortcode.default\">\n\t\t\t\t<div class=\"elementor-widget-container\">\n\t\t\t\t\t<div class=\"elementor-shortcode\">&#9888; <strong>This content is not available at this moment unfortunately. Contact the administrators of this site so they can check the plugin involved.<\/strong><\/div>\n\t\t\t\t<\/div>\n\t\t\t\t<\/div>\n\t\t\t\t\t<\/div>\n\t\t<\/div>\n\t\t\t\t\t\t\t<\/div>\n\t\t<\/section>\n\t\t\t\t\t\t\t<\/div>\n\t\t","protected":false},"excerpt":{"rendered":"<p>2021 edition of SWIMRUN C\u00f4te SUD LANDES All photos are downloadable !!<\/p>\n","protected":false},"author":1,"featured_media":0,"parent":0,"menu_order":0,"comment_status":"closed","ping_status":"closed","template":"","meta":{"footnotes":""},"yoast_head":"<!-- This site is optimized with the Yoast SEO plugin v21.5 - https:\/\/yoast.com\/wordpress\/plugins\/seo\/ -->\n<title>Edition 2021 - Medias - SWIMRUN C\u00f4te Sud Landes<\/title>\n<meta name=\"description\" content=\"Consulter les photos de l&#039;\u00e9dition 2021 de la SWIMRUN C\u00f4te Sud Landes entre Hossegor, Cap Breton et Seignosse\" \/>\n<meta name=\"robots\" content=\"index, follow, max-snippet:-1, max-image-preview:large, max-video-preview:-1\" \/>\n<link rel=\"canonical\" href=\"https:\/\/swimrun-cote-sud-landes.fr\/en\/edition-2021-medias\/\" \/>\n<meta property=\"og:locale\" content=\"en_US\" \/>\n<meta property=\"og:type\" content=\"article\" \/>\n<meta property=\"og:title\" content=\"Edition 2021 - Medias - SWIMRUN C\u00f4te Sud Landes\" \/>\n<meta property=\"og:description\" content=\"Consulter les photos de l&#039;\u00e9dition 2021 de la SWIMRUN C\u00f4te Sud Landes entre Hossegor, Cap Breton et Seignosse\" \/>\n<meta property=\"og:url\" content=\"https:\/\/swimrun-cote-sud-landes.fr\/en\/edition-2021-medias\/\" \/>\n<meta property=\"og:site_name\" content=\"SWIMRUN C\u00f4te Sud Landes\" \/>\n<meta property=\"article:modified_time\" content=\"2022-02-09T09:37:11+00:00\" \/>\n<meta name=\"twitter:card\" content=\"summary_large_image\" \/>\n<meta name=\"twitter:label1\" content=\"Est. reading time\" \/>\n\t<meta name=\"twitter:data1\" content=\"66 minutes\" \/>\n<script type=\"application\/ld+json\" class=\"yoast-schema-graph\">{\"@context\":\"https:\/\/schema.org\",\"@graph\":[{\"@type\":\"WebPage\",\"@id\":\"https:\/\/swimrun-cote-sud-landes.fr\/en\/edition-2021-medias\/\",\"url\":\"https:\/\/swimrun-cote-sud-landes.fr\/en\/edition-2021-medias\/\",\"name\":\"Edition 2021 - Medias - SWIMRUN C\u00f4te Sud Landes\",\"isPartOf\":{\"@id\":\"https:\/\/swimrun-cote-sud-landes.fr\/#website\"},\"datePublished\":\"2022-01-17T09:39:16+00:00\",\"dateModified\":\"2022-02-09T09:37:11+00:00\",\"description\":\"Consulter les photos de l'\u00e9dition 2021 de la SWIMRUN C\u00f4te Sud Landes entre Hossegor, Cap Breton et Seignosse\",\"breadcrumb\":{\"@id\":\"https:\/\/swimrun-cote-sud-landes.fr\/en\/edition-2021-medias\/#breadcrumb\"},\"inLanguage\":\"en-US\",\"potentialAction\":[{\"@type\":\"ReadAction\",\"target\":[\"https:\/\/swimrun-cote-sud-landes.fr\/en\/edition-2021-medias\/\"]}]},{\"@type\":\"BreadcrumbList\",\"@id\":\"https:\/\/swimrun-cote-sud-landes.fr\/en\/edition-2021-medias\/#breadcrumb\",\"itemListElement\":[{\"@type\":\"ListItem\",\"position\":1,\"name\":\"Accueil\",\"item\":\"https:\/\/swimrun-cote-sud-landes.fr\/en\/\"},{\"@type\":\"ListItem\",\"position\":2,\"name\":\"Edition 2021 &#8211; Medias\"}]},{\"@type\":\"WebSite\",\"@id\":\"https:\/\/swimrun-cote-sud-landes.fr\/#website\",\"url\":\"https:\/\/swimrun-cote-sud-landes.fr\/\",\"name\":\"SWIMRUN C\u00f4te Sud Landes\",\"description\":\"5 courses de SWIMRUN entre Hossegor, Cap Breton et Seignosse dans les Landes\",\"publisher\":{\"@id\":\"https:\/\/swimrun-cote-sud-landes.fr\/#organization\"},\"potentialAction\":[{\"@type\":\"SearchAction\",\"target\":{\"@type\":\"EntryPoint\",\"urlTemplate\":\"https:\/\/swimrun-cote-sud-landes.fr\/?s={search_term_string}\"},\"query-input\":\"required name=search_term_string\"}],\"inLanguage\":\"en-US\"},{\"@type\":\"Organization\",\"@id\":\"https:\/\/swimrun-cote-sud-landes.fr\/#organization\",\"name\":\"SWIMRUN C\u00f4te Sud Landes\",\"url\":\"https:\/\/swimrun-cote-sud-landes.fr\/\",\"logo\":{\"@type\":\"ImageObject\",\"inLanguage\":\"en-US\",\"@id\":\"https:\/\/swimrun-cote-sud-landes.fr\/#\/schema\/logo\/image\/\",\"url\":\"https:\/\/swimrun-cote-sud-landes.fr\/wp-content\/uploads\/2021\/12\/Logo-SWR-2022-long-100.png\",\"contentUrl\":\"https:\/\/swimrun-cote-sud-landes.fr\/wp-content\/uploads\/2021\/12\/Logo-SWR-2022-long-100.png\",\"width\":149,\"height\":100,\"caption\":\"SWIMRUN C\u00f4te Sud Landes\"},\"image\":{\"@id\":\"https:\/\/swimrun-cote-sud-landes.fr\/#\/schema\/logo\/image\/\"}}]}<\/script>\n<!-- \/ Yoast SEO plugin. -->","yoast_head_json":{"title":"Edition 2021 - Medias - SWIMRUN C\u00f4te Sud Landes","description":"Consulter les photos de l'\u00e9dition 2021 de la SWIMRUN C\u00f4te Sud Landes entre Hossegor, Cap Breton et Seignosse","robots":{"index":"index","follow":"follow","max-snippet":"max-snippet:-1","max-image-preview":"max-image-preview:large","max-video-preview":"max-video-preview:-1"},"canonical":"https:\/\/swimrun-cote-sud-landes.fr\/en\/edition-2021-medias\/","og_locale":"en_US","og_type":"article","og_title":"Edition 2021 - Medias - SWIMRUN C\u00f4te Sud Landes","og_description":"Consulter les photos de l'\u00e9dition 2021 de la SWIMRUN C\u00f4te Sud Landes entre Hossegor, Cap Breton et Seignosse","og_url":"https:\/\/swimrun-cote-sud-landes.fr\/en\/edition-2021-medias\/","og_site_name":"SWIMRUN C\u00f4te Sud Landes","article_modified_time":"2022-02-09T09:37:11+00:00","twitter_card":"summary_large_image","twitter_misc":{"Est. reading time":"66 minutes"},"schema":{"@context":"https:\/\/schema.org","@graph":[{"@type":"WebPage","@id":"https:\/\/swimrun-cote-sud-landes.fr\/en\/edition-2021-medias\/","url":"https:\/\/swimrun-cote-sud-landes.fr\/en\/edition-2021-medias\/","name":"Edition 2021 - Medias - SWIMRUN C\u00f4te Sud Landes","isPartOf":{"@id":"https:\/\/swimrun-cote-sud-landes.fr\/#website"},"datePublished":"2022-01-17T09:39:16+00:00","dateModified":"2022-02-09T09:37:11+00:00","description":"Consulter les photos de l'\u00e9dition 2021 de la SWIMRUN C\u00f4te Sud Landes entre Hossegor, Cap Breton et Seignosse","breadcrumb":{"@id":"https:\/\/swimrun-cote-sud-landes.fr\/en\/edition-2021-medias\/#breadcrumb"},"inLanguage":"en-US","potentialAction":[{"@type":"ReadAction","target":["https:\/\/swimrun-cote-sud-landes.fr\/en\/edition-2021-medias\/"]}]},{"@type":"BreadcrumbList","@id":"https:\/\/swimrun-cote-sud-landes.fr\/en\/edition-2021-medias\/#breadcrumb","itemListElement":[{"@type":"ListItem","position":1,"name":"Accueil","item":"https:\/\/swimrun-cote-sud-landes.fr\/en\/"},{"@type":"ListItem","position":2,"name":"Edition 2021 &#8211; Medias"}]},{"@type":"WebSite","@id":"https:\/\/swimrun-cote-sud-landes.fr\/#website","url":"https:\/\/swimrun-cote-sud-landes.fr\/","name":"SWIMRUN C\u00f4te Sud Landes","description":"5 courses de SWIMRUN entre Hossegor, Cap Breton et Seignosse dans les Landes","publisher":{"@id":"https:\/\/swimrun-cote-sud-landes.fr\/#organization"},"potentialAction":[{"@type":"SearchAction","target":{"@type":"EntryPoint","urlTemplate":"https:\/\/swimrun-cote-sud-landes.fr\/?s={search_term_string}"},"query-input":"required name=search_term_string"}],"inLanguage":"en-US"},{"@type":"Organization","@id":"https:\/\/swimrun-cote-sud-landes.fr\/#organization","name":"SWIMRUN C\u00f4te Sud Landes","url":"https:\/\/swimrun-cote-sud-landes.fr\/","logo":{"@type":"ImageObject","inLanguage":"en-US","@id":"https:\/\/swimrun-cote-sud-landes.fr\/#\/schema\/logo\/image\/","url":"https:\/\/swimrun-cote-sud-landes.fr\/wp-content\/uploads\/2021\/12\/Logo-SWR-2022-long-100.png","contentUrl":"https:\/\/swimrun-cote-sud-landes.fr\/wp-content\/uploads\/2021\/12\/Logo-SWR-2022-long-100.png","width":149,"height":100,"caption":"SWIMRUN C\u00f4te Sud Landes"},"image":{"@id":"https:\/\/swimrun-cote-sud-landes.fr\/#\/schema\/logo\/image\/"}}]}},"_links":{"self":[{"href":"https:\/\/swimrun-cote-sud-landes.fr\/en\/wp-json\/wp\/v2\/pages\/54121"}],"collection":[{"href":"https:\/\/swimrun-cote-sud-landes.fr\/en\/wp-json\/wp\/v2\/pages"}],"about":[{"href":"https:\/\/swimrun-cote-sud-landes.fr\/en\/wp-json\/wp\/v2\/types\/page"}],"author":[{"embeddable":true,"href":"https:\/\/swimrun-cote-sud-landes.fr\/en\/wp-json\/wp\/v2\/users\/1"}],"replies":[{"embeddable":true,"href":"https:\/\/swimrun-cote-sud-landes.fr\/en\/wp-json\/wp\/v2\/comments?post=54121"}],"version-history":[{"count":4,"href":"https:\/\/swimrun-cote-sud-landes.fr\/en\/wp-json\/wp\/v2\/pages\/54121\/revisions"}],"predecessor-version":[{"id":54989,"href":"https:\/\/swimrun-cote-sud-landes.fr\/en\/wp-json\/wp\/v2\/pages\/54121\/revisions\/54989"}],"wp:attachment":[{"href":"https:\/\/swimrun-cote-sud-landes.fr\/en\/wp-json\/wp\/v2\/media?parent=54121"}],"curies":[{"name":"wp","href":"https:\/\/api.w.org\/{rel}","templated":true}]}}